{"id":22645,"date":"2024-10-15T12:29:40","date_gmt":"2024-10-15T15:29:40","guid":{"rendered":"https:\/\/fractal-security.com\/?page_id=22645"},"modified":"2024-10-15T12:30:59","modified_gmt":"2024-10-15T15:30:59","slug":"francisco-mascaro","status":"publish","type":"page","link":"https:\/\/fractal-security.com\/pt\/francisco-mascaro\/","title":{"rendered":"Francisco Mascaro"},"content":{"rendered":"<div data-elementor-type=\"wp-page\" data-elementor-id=\"22645\" class=\"elementor elementor-22645\" data-elementor-post-type=\"page\">\n\t\t\t\t\t\t<section class=\"elementor-section elementor-top-section elementor-element elementor-element-46a6ffb elementor-section-content-middle elementor-section-boxed elementor-section-height-default elementor-section-height-default sc_fly_static\" data-id=\"46a6ffb\" data-element_type=\"section\" data-e-type=\"section\" id=\"anchor-here\">\n\t\t\t\t\t\t<div class=\"elementor-container elementor-column-gap-extended\">\n\t\t\t\t\t<div class=\"elementor-column elementor-col-50 elementor-top-column elementor-element elementor-element-9068588 sc_content_align_inherit sc_layouts_column_icons_position_left sc_fly_static\" data-id=\"9068588\" data-element_type=\"column\" data-e-type=\"column\">\n\t\t\t<div class=\"elementor-widget-wrap elementor-element-populated\">\n\t\t\t\t\t\t<div class=\"elementor-element elementor-element-76ef5c4 sc_fly_static elementor-widget elementor-widget-image\" data-id=\"76ef5c4\" data-element_type=\"widget\" data-e-type=\"widget\" data-widget_type=\"image.default\">\n\t\t\t\t<div class=\"elementor-widget-container\">\n\t\t\t\t\t\t\t\t\t\t\t\t\t\t\t<img fetchpriority=\"high\" decoding=\"async\" width=\"300\" height=\"385\" src=\"https:\/\/fractal-security.com\/wp-content\/uploads\/2020\/04\/perfil-francisco-mascaro.jpg\" class=\"attachment-large size-large wp-image-22016\" alt=\"Francisco Mascaro\" srcset=\"https:\/\/fractal-security.com\/wp-content\/uploads\/2020\/04\/perfil-francisco-mascaro.jpg 300w, https:\/\/fractal-security.com\/wp-content\/uploads\/2020\/04\/perfil-francisco-mascaro-234x300.jpg 234w\" sizes=\"(max-width: 300px) 100vw, 300px\" \/>\t\t\t\t\t\t\t\t\t\t\t\t\t\t\t<\/div>\n\t\t\t\t<\/div>\n\t\t\t\t\t<\/div>\n\t\t<\/div>\n\t\t\t\t<div class=\"elementor-column elementor-col-50 elementor-top-column elementor-element elementor-element-ea42423 sc_content_align_inherit sc_layouts_column_icons_position_left sc_fly_static\" data-id=\"ea42423\" data-element_type=\"column\" data-e-type=\"column\">\n\t\t\t<div class=\"elementor-widget-wrap elementor-element-populated\">\n\t\t\t\t\t\t<div class=\"elementor-element elementor-element-0700de1 sc_fly_static elementor-widget elementor-widget-trx_sc_title\" data-id=\"0700de1\" data-element_type=\"widget\" data-e-type=\"widget\" data-widget_type=\"trx_sc_title.default\">\n\t\t\t\t<div class=\"elementor-widget-container\">\n\t\t\t\t\t<div\t\tclass=\"sc_title sc_title_default\" ><span class=\"sc_item_subtitle sc_title_subtitle sc_item_subtitle_above sc_item_title_style_default\">Gerente de opera\u00e7\u00f5es<\/span><h1 class=\"sc_item_title sc_title_title sc_item_title_style_default sc_item_title_tag\"\n\t\t\t><span class=\"sc_item_title_text\">Francisco Mascaro<\/span><\/h1><\/div>\t\t\t\t<\/div>\n\t\t\t\t<\/div>\n\t\t\t\t<div class=\"elementor-element elementor-element-19ba360 sc_fly_static elementor-widget elementor-widget-text-editor\" data-id=\"19ba360\" data-element_type=\"widget\" data-e-type=\"widget\" data-widget_type=\"text-editor.default\">\n\t\t\t\t<div class=\"elementor-widget-container\">\n\t\t\t\t\t\t\t\t\t<p>Francisco Mascaro possui mais de 28 anos de experi\u00eancia na \u00e1rea portu\u00e1ria, com ampla atua\u00e7\u00e3o na gest\u00e3o de recintos alfandegados de importa\u00e7\u00e3o e exporta\u00e7\u00e3o, NVOCC e dep\u00f3sitos. Ao longo de sua carreira, ele desenvolveu atividades nas \u00e1reas operacionais, administrativas, comerciais e estrat\u00e9gicas, focando na gest\u00e3o de processos, padroniza\u00e7\u00e3o de procedimentos e obten\u00e7\u00e3o de resultados com base em KPIs. Francisco tamb\u00e9m possui experi\u00eancia em gest\u00e3o de projetos, implementa\u00e7\u00e3o de a\u00e7\u00f5es de melhorias e atendimento a requisitos legais, al\u00e9m de desenvolver an\u00e1lises de risco e vulnerabilidades voltadas para a seguran\u00e7a das opera\u00e7\u00f5es.<\/p><p>Em 2018, Francisco optou por uma mudan\u00e7a estrat\u00e9gica em sua carreira, passando a trabalhar com tecnologias voltadas para o gerenciamento de riscos e log\u00edstica para opera\u00e7\u00f5es portu\u00e1rias, embarcadores, transportadoras, agentes de carga e outros players do setor. Ele \u00e9 graduado em Marketing e utiliza sua forma\u00e7\u00e3o para integrar estrat\u00e9gias de mercado com efici\u00eancia operacional no segmento portu\u00e1rio.<\/p>\t\t\t\t\t\t\t\t<\/div>\n\t\t\t\t<\/div>\n\t\t\t\t\t<\/div>\n\t\t<\/div>\n\t\t\t\t\t<\/div>\n\t\t<\/section>\n\t\t\t\t<section class=\"elementor-section elementor-top-section elementor-element elementor-element-7498947 scheme_dark elementor-section-boxed elementor-section-height-default elementor-section-height-default sc_fly_static\" data-id=\"7498947\" data-element_type=\"section\" data-e-type=\"section\" data-settings=\"{&quot;background_background&quot;:&quot;classic&quot;}\">\n\t\t\t\t\t\t<div class=\"elementor-container elementor-column-gap-extended\">\n\t\t\t\t\t<div class=\"elementor-column elementor-col-100 elementor-top-column elementor-element elementor-element-3c989a8 sc_content_align_inherit sc_layouts_column_icons_position_left sc_fly_static\" data-id=\"3c989a8\" data-element_type=\"column\" data-e-type=\"column\">\n\t\t\t<div class=\"elementor-widget-wrap elementor-element-populated\">\n\t\t\t\t\t\t<div class=\"elementor-element elementor-element-271ef01c sc_fly_static elementor-widget elementor-widget-trx_sc_title\" data-id=\"271ef01c\" data-element_type=\"widget\" data-e-type=\"widget\" data-widget_type=\"trx_sc_title.default\">\n\t\t\t\t<div class=\"elementor-widget-container\">\n\t\t\t\t\t<div\t\tclass=\"sc_title sc_title_default\" ><span class=\"sc_item_subtitle sc_title_subtitle sc_item_subtitle_above sc_item_title_style_default\">\u00daltimos Artigos<\/span><h1 class=\"sc_item_title sc_title_title sc_item_title_style_default sc_item_title_tag trx_addons_inline_810149214\"\n\t\t\t><span class=\"sc_item_title_text\">Nosso Blog\n\n<\/span><\/h1><\/div>\t\t\t\t<\/div>\n\t\t\t\t<\/div>\n\t\t\t\t<div class=\"elementor-element elementor-element-df6bb21 sc_style_default sc_fly_static elementor-widget elementor-widget-trx_sc_blogger\" data-id=\"df6bb21\" data-element_type=\"widget\" data-e-type=\"widget\" data-widget_type=\"trx_sc_blogger.default\">\n\t\t\t\t<div class=\"elementor-widget-container\">\n\t\t\t\t\t<div \t\tclass=\"sc_blogger sc_blogger_list sc_blogger_list_hover sc_item_filters_tabs_none alignnone\" ><div class=\"sc_blogger_columns_wrap sc_item_columns sc_item_posts_container trx_addons_columns_wrap columns_padding_bottom columns_in_single_row\" ><div class=\"trx_addons_column-1_3\"><div data-post-id=\"22743\" data-item-number=\"1\" class=\"sc_blogger_item sc_item_container post_container sc_blogger_item_list sc_blogger_item_list_hover sc_blogger_item_odd sc_blogger_item_align_none post_format_standard sc_blogger_item_image_position_top post-22743 post type-post status-publish format-standard has-post-thumbnail hentry category-blog\" ><div class=\"sc_blogger_item_body\"><div class=\"sc_blogger_item_content entry-content\"><div class=\"post_meta sc_blogger_item_meta post_meta\"><span class=\"post_meta_item post_categories cat_sep\"><a href=\"https:\/\/fractal-security.com\/pt\/categoria\/blog\/\" rel=\"category tag\">Blog<\/a><\/span><span class=\"post_meta_item post_date\"><a href=\"https:\/\/fractal-security.com\/pt\/intermodal-2025-a-edicao-que-entrou-para-a-historia\/\">23 de junho de 2025<\/a><\/span><\/div><h6 class=\"sc_blogger_item_title entry-title\" data-mouse-helper-mode=\"normal\" data-mouse-helper=\"hover\" data-mouse-helper-image=\"https:\/\/fractal-security.com\/wp-content\/uploads\/2025\/06\/MG_0064-Aprimorado-NR-840x473.jpg\" data-item-number=\"1\" data-mouse-helper-centered=\"0\"><a href=\"https:\/\/fractal-security.com\/pt\/intermodal-2025-a-edicao-que-entrou-para-a-historia\/\" rel=\"bookmark\">Intermodal 2025: a edi\u00e7\u00e3o que entrou para a hist\u00f3ria<\/a><\/h6><div class=\"sc_blogger_item_button sc_item_button\"><a href=\"https:\/\/fractal-security.com\/pt\/intermodal-2025-a-edicao-que-entrou-para-a-historia\/\" class=\"item_more_link\"><span class=\"link_text\"> <\/span><span class=\"link_icon\"><\/span><\/a><\/div><\/div><!-- .entry-content -->\t\t<a href=\"https:\/\/fractal-security.com\/pt\/intermodal-2025-a-edicao-que-entrou-para-a-historia\/\" aria-hidden=\"true\" class=\"link\"><\/a>\r\n\t<\/div><!-- .sc_blogger_item_body --><\/div><!-- .sc_blogger_item --><\/div><div class=\"trx_addons_column-1_3\"><div data-post-id=\"22740\" data-item-number=\"2\" class=\"sc_blogger_item sc_item_container post_container sc_blogger_item_list sc_blogger_item_list_hover sc_blogger_item_even sc_blogger_item_align_none post_format_standard sc_blogger_item_image_position_top post-22740 post type-post status-publish format-standard has-post-thumbnail hentry category-blog\" ><div class=\"sc_blogger_item_body\"><div class=\"sc_blogger_item_content entry-content\"><div class=\"post_meta sc_blogger_item_meta post_meta\"><span class=\"post_meta_item post_categories cat_sep\"><a href=\"https:\/\/fractal-security.com\/pt\/categoria\/blog\/\" rel=\"category tag\">Blog<\/a><\/span><span class=\"post_meta_item post_date\"><a href=\"https:\/\/fractal-security.com\/pt\/tecnologia-e-interoperabilidade-permitem-nova-abordagem-na-seguranca-logistica\/\">23 de junho de 2025<\/a><\/span><\/div><h6 class=\"sc_blogger_item_title entry-title\" data-mouse-helper-mode=\"normal\" data-mouse-helper=\"hover\" data-mouse-helper-image=\"https:\/\/fractal-security.com\/wp-content\/uploads\/2025\/06\/1_e9226c8d_2449_417d_a919_bc7d179ea69d-53800055-840x473.jpg\" data-item-number=\"2\" data-mouse-helper-centered=\"0\"><a href=\"https:\/\/fractal-security.com\/pt\/tecnologia-e-interoperabilidade-permitem-nova-abordagem-na-seguranca-logistica\/\" rel=\"bookmark\">Tecnologia e interoperabilidade permitem nova abordagem na seguran\u00e7a log\u00edstica<\/a><\/h6><div class=\"sc_blogger_item_button sc_item_button\"><a href=\"https:\/\/fractal-security.com\/pt\/tecnologia-e-interoperabilidade-permitem-nova-abordagem-na-seguranca-logistica\/\" class=\"item_more_link\"><span class=\"link_text\"> <\/span><span class=\"link_icon\"><\/span><\/a><\/div><\/div><!-- .entry-content -->\t\t<a href=\"https:\/\/fractal-security.com\/pt\/tecnologia-e-interoperabilidade-permitem-nova-abordagem-na-seguranca-logistica\/\" aria-hidden=\"true\" class=\"link\"><\/a>\r\n\t<\/div><!-- .sc_blogger_item_body --><\/div><!-- .sc_blogger_item --><\/div><div class=\"trx_addons_column-1_3\"><div data-post-id=\"22736\" data-item-number=\"3\" class=\"sc_blogger_item sc_item_container post_container sc_blogger_item_list sc_blogger_item_list_hover sc_blogger_item_odd sc_blogger_item_align_none post_format_standard sc_blogger_item_image_position_top post-22736 post type-post status-publish format-standard has-post-thumbnail hentry category-blog\" ><div class=\"sc_blogger_item_body\"><div class=\"sc_blogger_item_content entry-content\"><div class=\"post_meta sc_blogger_item_meta post_meta\"><span class=\"post_meta_item post_categories cat_sep\"><a href=\"https:\/\/fractal-security.com\/pt\/categoria\/blog\/\" rel=\"category tag\">Blog<\/a><\/span><span class=\"post_meta_item post_date\"><a href=\"https:\/\/fractal-security.com\/pt\/fractal-apresenta-solucoes-de-seguranca-logistica-na-intermodal-2025\/\">23 de junho de 2025<\/a><\/span><\/div><h6 class=\"sc_blogger_item_title entry-title\" data-mouse-helper-mode=\"normal\" data-mouse-helper=\"hover\" data-mouse-helper-image=\"https:\/\/fractal-security.com\/wp-content\/uploads\/2025\/06\/c1af5844-6ddd-4414-be57-a692c33b85c4-1024x569-1-840x473.jpg\" data-item-number=\"3\" data-mouse-helper-centered=\"0\"><a href=\"https:\/\/fractal-security.com\/pt\/fractal-apresenta-solucoes-de-seguranca-logistica-na-intermodal-2025\/\" rel=\"bookmark\">Fractal apresenta solu\u00e7\u00f5es de seguran\u00e7a log\u00edstica na Intermodal 2025<\/a><\/h6><div class=\"sc_blogger_item_button sc_item_button\"><a href=\"https:\/\/fractal-security.com\/pt\/fractal-apresenta-solucoes-de-seguranca-logistica-na-intermodal-2025\/\" class=\"item_more_link\"><span class=\"link_text\"> <\/span><span class=\"link_icon\"><\/span><\/a><\/div><\/div><!-- .entry-content -->\t\t<a href=\"https:\/\/fractal-security.com\/pt\/fractal-apresenta-solucoes-de-seguranca-logistica-na-intermodal-2025\/\" aria-hidden=\"true\" class=\"link\"><\/a>\r\n\t<\/div><!-- .sc_blogger_item_body --><\/div><!-- .sc_blogger_item --><\/div><\/div><\/div>\t\t\t\t<\/div>\n\t\t\t\t<\/div>\n\t\t\t\t\t<\/div>\n\t\t<\/div>\n\t\t\t\t\t<\/div>\n\t\t<\/section>\n\t\t\t\t<\/div>","protected":false},"excerpt":{"rendered":"<p>Operations Manager Francisco Mascaro Francisco Mascaro has over 28 years of experience in the port industry, specializing in managing customs-bonded areas for import and export operations, NVOCC, and depots. Throughout&hellip;<\/p>","protected":false},"author":1,"featured_media":0,"parent":0,"menu_order":0,"comment_status":"closed","ping_status":"closed","template":"","meta":{"inline_featured_image":false,"footnotes":""},"class_list":["post-22645","page","type-page","status-publish","hentry"],"_links":{"self":[{"href":"https:\/\/fractal-security.com\/pt\/wp-json\/wp\/v2\/pages\/22645","targetHints":{"allow":["GET"]}}],"collection":[{"href":"https:\/\/fractal-security.com\/pt\/wp-json\/wp\/v2\/pages"}],"about":[{"href":"https:\/\/fractal-security.com\/pt\/wp-json\/wp\/v2\/types\/page"}],"author":[{"embeddable":true,"href":"https:\/\/fractal-security.com\/pt\/wp-json\/wp\/v2\/users\/1"}],"replies":[{"embeddable":true,"href":"https:\/\/fractal-security.com\/pt\/wp-json\/wp\/v2\/comments?post=22645"}],"version-history":[{"count":4,"href":"https:\/\/fractal-security.com\/pt\/wp-json\/wp\/v2\/pages\/22645\/revisions"}],"predecessor-version":[{"id":22649,"href":"https:\/\/fractal-security.com\/pt\/wp-json\/wp\/v2\/pages\/22645\/revisions\/22649"}],"wp:attachment":[{"href":"https:\/\/fractal-security.com\/pt\/wp-json\/wp\/v2\/media?parent=22645"}],"curies":[{"name":"wp","href":"https:\/\/api.w.org\/{rel}","templated":true}]}}